{"id":413,"date":"2026-02-04T18:33:43","date_gmt":"2026-02-04T16:33:43","guid":{"rendered":"https:\/\/csagasa.ro\/szolgaltatasaink\/"},"modified":"2026-03-17T12:48:06","modified_gmt":"2026-03-17T10:48:06","slug":"szolgaltatasaink","status":"publish","type":"page","link":"https:\/\/csagasa.ro\/hu\/szolgaltatasaink\/","title":{"rendered":"Szolg\u00e1ltat\u00e1saink"},"content":{"rendered":"<style>.kb-row-layout-id413_2e519a-e4 > .kt-row-column-wrap{align-content:start;}:where(.kb-row-layout-id413_2e519a-e4 > .kt-row-column-wrap) > .wp-block-kadence-column{justify-content:start;}.kb-row-layout-id413_2e519a-e4 > .kt-row-column-wrap{column-gap:var(--global-kb-gap-md, 2rem);row-gap:var(--global-kb-gap-md, 2rem);max-width:1200px;margin-left:auto;margin-right:auto;padding-top:var(--global-kb-spacing-xxl, 5rem);padding-bottom:var(--global-kb-spacing-xxl, 5rem);grid-template-columns:minmax(0, 1fr);}.kb-row-layout-id413_2e519a-e4 > .kt-row-layout-overlay{opacity:0.30;}@media all and (max-width: 1024px){.kb-row-layout-id413_2e519a-e4 > .kt-row-column-wrap{grid-template-columns:minmax(0, 1fr);}}@media all and (max-width: 767px){.kb-row-layout-id413_2e519a-e4 > .kt-row-column-wrap{grid-template-columns:minmax(0, 1fr);}}<\/style><div class=\"kb-row-layout-wrap kb-row-layout-id413_2e519a-e4 alignfull wp-block-kadence-rowlayout\"><div class=\"kt-row-column-wrap kt-has-1-columns kt-row-layout-equal kt-tab-layout-inherit kt-mobile-layout-row kt-row-valign-top\">\n<style>.kadence-column413_0ad476-ce > .kt-inside-inner-col,.kadence-column413_0ad476-ce > .kt-inside-inner-col:before{border-top-left-radius:0px;border-top-right-radius:0px;border-bottom-right-radius:0px;border-bottom-left-radius:0px;}.kadence-column413_0ad476-ce > .kt-inside-inner-col{column-gap:var(--global-kb-gap-sm, 1rem);}.kadence-column413_0ad476-ce > .kt-inside-inner-col{flex-direction:column;}.kadence-column413_0ad476-ce > .kt-inside-inner-col > .aligncenter{width:100%;}.kadence-column413_0ad476-ce > .kt-inside-inner-col:before{opacity:0.3;}.kadence-column413_0ad476-ce{position:relative;}@media all and (max-width: 1024px){.kadence-column413_0ad476-ce > .kt-inside-inner-col{flex-direction:column;justify-content:center;}}@media all and (max-width: 767px){.kadence-column413_0ad476-ce > .kt-inside-inner-col{flex-direction:column;justify-content:center;}}<\/style>\n<div class=\"wp-block-kadence-column kadence-column413_0ad476-ce\"><div class=\"kt-inside-inner-col\"><style>.wp-block-kadence-advancedheading.kt-adv-heading413_912b90-49, .wp-block-kadence-advancedheading.kt-adv-heading413_912b90-49[data-kb-block=\"kb-adv-heading413_912b90-49\"]{font-size:var(--global-kb-font-size-md, 1.25rem);font-weight:300;font-style:normal;}.wp-block-kadence-advancedheading.kt-adv-heading413_912b90-49 mark.kt-highlight, .wp-block-kadence-advancedheading.kt-adv-heading413_912b90-49[data-kb-block=\"kb-adv-heading413_912b90-49\"] mark.kt-highlight{font-style:normal;color:#f76a0c;-webkit-box-decoration-break:clone;box-decoration-break:clone;padding-top:0px;padding-right:0px;padding-bottom:0px;padding-left:0px;}.wp-block-kadence-advancedheading.kt-adv-heading413_912b90-49 img.kb-inline-image, .wp-block-kadence-advancedheading.kt-adv-heading413_912b90-49[data-kb-block=\"kb-adv-heading413_912b90-49\"] img.kb-inline-image{width:150px;vertical-align:baseline;}<\/style>\n<h1 class=\"kt-adv-heading413_912b90-49 wp-block-kadence-advancedheading\" data-kb-block=\"kb-adv-heading413_912b90-49\">Log\u00f3tervez\u00e9s, arculattervez\u00e9s \u00e9s vizu\u00e1lis identit\u00e1s \u2014 k\u00e9zzel tervezve, neked.<\/h1>\n\n\n<style>.wp-block-kadence-advancedheading.kt-adv-heading413_847653-08, .wp-block-kadence-advancedheading.kt-adv-heading413_847653-08[data-kb-block=\"kb-adv-heading413_847653-08\"]{font-style:normal;}.wp-block-kadence-advancedheading.kt-adv-heading413_847653-08 mark.kt-highlight, .wp-block-kadence-advancedheading.kt-adv-heading413_847653-08[data-kb-block=\"kb-adv-heading413_847653-08\"] mark.kt-highlight{font-style:normal;color:#f76a0c;-webkit-box-decoration-break:clone;box-decoration-break:clone;padding-top:0px;padding-right:0px;padding-bottom:0px;padding-left:0px;}.wp-block-kadence-advancedheading.kt-adv-heading413_847653-08 img.kb-inline-image, .wp-block-kadence-advancedheading.kt-adv-heading413_847653-08[data-kb-block=\"kb-adv-heading413_847653-08\"] img.kb-inline-image{width:150px;vertical-align:baseline;}<\/style>\n<h2 class=\"kt-adv-heading413_847653-08 wp-block-kadence-advancedheading\" data-kb-block=\"kb-adv-heading413_847653-08\">Log\u00f3tervez\u00e9s<mark true=\"true\" class=\"kt-highlight\">.<\/mark><\/h2>\n\n\n\n<p>Emp\u00e1ti\u00e1val \u00e1tgondolt, k\u00e9zzel k\u00e9sz\u00edtett log\u00f3kat tervez\u00fcnk.<\/p>\n\n\n\n<p>Log\u00f3tervez\u00e9si szolg\u00e1ltat\u00e1saink t\u00f6bbek k\u00f6z\u00f6tt az al\u00e1bbi ter\u00fcletekre terjednek ki:<\/p>\n\n\n\n<ul class=\"wp-block-list\">\n<li>Vend\u00e9gl\u00e1t\u00e1s \u00e9s turizmus (HoReCa)<\/li>\n\n\n\n<li>Orvosi \u00e9s eg\u00e9szs\u00e9g\u00fcgyi ter\u00fclet<\/li>\n\n\n\n<li>Helyi m\u00e1rk\u00e1k \u00e9s v\u00e1llalkoz\u00e1sok<\/li>\n\n\n\n<li>Esem\u00e9nyek \u00e9s kultur\u00e1lis kezdem\u00e9nyez\u00e9sek<\/li>\n\n\n\n<li>Szolg\u00e1ltat\u00f3 c\u00e9gek<\/li>\n\n\n\n<li>K\u00f6zint\u00e9zm\u00e9nyek<\/li>\n<\/ul>\n\n\n\n<p>Emellett megl\u00e9v\u0151 log\u00f3k \u00e9s arculatok \u00fajragondol\u00e1s\u00e1t, friss\u00edt\u00e9s\u00e9t (rebranding) is v\u00e1llaljuk, amikor egy m\u00e1rka fejl\u0151d\u00e9se vagy ir\u00e1nyv\u00e1lt\u00e1sa ezt indokolja.<\/p>\n\n\n\n<figure class=\"wp-block-video mobile-only\"><video height=\"1024\" style=\"aspect-ratio: 4096 \/ 1024;\" width=\"4096\" autoplay loop muted src=\"https:\/\/csagasa.ro\/wp-content\/uploads\/2026\/02\/Bunda-mobil_600x150.mp4\" playsinline><\/video><\/figure>\n\n\n\n<figure class=\"wp-block-video desktop-only\" style=\"padding-top:0;padding-bottom:0\"><video autoplay loop muted preload=\"none\" src=\"https:\/\/csagasa.ro\/wp-content\/uploads\/2026\/02\/Bunda-1920_300.mp4\" playsinline><\/video><\/figure>\n\n\n<style>.wp-block-kadence-advancedheading.kt-adv-heading413_b81fac-68, .wp-block-kadence-advancedheading.kt-adv-heading413_b81fac-68[data-kb-block=\"kb-adv-heading413_b81fac-68\"]{font-style:normal;}.wp-block-kadence-advancedheading.kt-adv-heading413_b81fac-68 mark.kt-highlight, .wp-block-kadence-advancedheading.kt-adv-heading413_b81fac-68[data-kb-block=\"kb-adv-heading413_b81fac-68\"] mark.kt-highlight{font-style:normal;color:#f76a0c;-webkit-box-decoration-break:clone;box-decoration-break:clone;padding-top:0px;padding-right:0px;padding-bottom:0px;padding-left:0px;}.wp-block-kadence-advancedheading.kt-adv-heading413_b81fac-68 img.kb-inline-image, .wp-block-kadence-advancedheading.kt-adv-heading413_b81fac-68[data-kb-block=\"kb-adv-heading413_b81fac-68\"] img.kb-inline-image{width:150px;vertical-align:baseline;}<\/style>\n<h2 class=\"kt-adv-heading413_b81fac-68 wp-block-kadence-advancedheading\" data-kb-block=\"kb-adv-heading413_b81fac-68\"><strong>Arculattervez\u00e9s<\/strong><mark true=\"true\" class=\"kt-highlight\">.<\/mark><\/h2>\n\n\n\n<p>A vizu\u00e1lis arculat nem csup\u00e1n egy log\u00f3b\u00f3l \u00e1ll. Egy j\u00f3l fel\u00e9p\u00edtett arculat egy egys\u00e9ges rendszer, amely k\u00f6vetkezetesen jelenik meg minden fel\u00fcleten, ahol a m\u00e1rka kapcsolatba l\u00e9p a k\u00f6z\u00f6ns\u00e9g\u00e9vel. Elemei egym\u00e1sra \u00e9p\u00fclnek, alkalmazkodnak a k\u00fcl\u00f6nb\u00f6z\u0151 fel\u00fcletekhez, mik\u00f6zben minden megjelen\u00e9sben felismerhet\u0151ek maradnak.<\/p>\n\n\n\n<p>Egy arculat erej\u00e9t az n\u00f6veli, ha min\u00e9l t\u00f6bb ponton visszak\u00f6sz\u00f6n: a nyomtatott anyagokt\u00f3l a digit\u00e1lis fel\u00fcleteken \u00e1t eg\u00e9szen a fizikai t\u00e9rben val\u00f3 megjelen\u00e9sig.<\/p>\n\n\n\n<p>A megtervezett arculatot az al\u00e1bbi hordoz\u00f3kra adapt\u00e1ljuk:<\/p>\n\n\n\n<ul class=\"wp-block-list\">\n<li>N\u00e9vjegyk\u00e1rtya<\/li>\n\n\n\n<li>Lev\u00e9lpap\u00edr<\/li>\n\n\n\n<li>Bor\u00edt\u00e9k<\/li>\n\n\n\n<li>\u00c9p\u00fcletfeliratoz\u00e1s<\/li>\n\n\n\n<li>Aut\u00f3feliratoz\u00e1s<\/li>\n\n\n\n<li>C\u00e9gt\u00e1bla<\/li>\n\n\n\n<li>Munkaruha<\/li>\n\n\n\n<li>Aj\u00e1nd\u00e9kt\u00e1rgy<\/li>\n\n\n\n<li>Goly\u00f3stoll<\/li>\n\n\n\n<li>Lev\u00e9l al\u00e1\u00edr\u00e1s<\/li>\n<\/ul>\n\n\n\n<p>A c\u00e9l minden esetben az, hogy a m\u00e1rka vizu\u00e1lis megjelen\u00e9se egys\u00e9ges, felismerhet\u0151 \u00e9s hossz\u00fa t\u00e1von is m\u0171k\u00f6d\u0151 legyen, f\u00fcggetlen\u00fcl att\u00f3l, hogy hol tal\u00e1lkoznak vele.<\/p>\n\n\n\n<figure class=\"wp-block-video mobile-only\"><video height=\"1024\" style=\"aspect-ratio: 4096 \/ 1024;\" width=\"4096\" autoplay loop muted src=\"https:\/\/csagasa.ro\/wp-content\/uploads\/2026\/02\/Albera-mobil_600x150.mp4\" playsinline><\/video><\/figure>\n\n\n\n<figure class=\"wp-block-video desktop-only\" style=\"padding-top:0;padding-bottom:0\"><video autoplay loop muted preload=\"none\" src=\"https:\/\/csagasa.ro\/wp-content\/uploads\/2026\/02\/Albera-1920_300.mp4\" playsinline><\/video><\/figure>\n\n\n<style>.wp-block-kadence-advancedheading.kt-adv-heading413_377706-45, .wp-block-kadence-advancedheading.kt-adv-heading413_377706-45[data-kb-block=\"kb-adv-heading413_377706-45\"]{font-style:normal;}.wp-block-kadence-advancedheading.kt-adv-heading413_377706-45 mark.kt-highlight, .wp-block-kadence-advancedheading.kt-adv-heading413_377706-45[data-kb-block=\"kb-adv-heading413_377706-45\"] mark.kt-highlight{font-style:normal;color:#f76a0c;-webkit-box-decoration-break:clone;box-decoration-break:clone;padding-top:0px;padding-right:0px;padding-bottom:0px;padding-left:0px;}.wp-block-kadence-advancedheading.kt-adv-heading413_377706-45 img.kb-inline-image, .wp-block-kadence-advancedheading.kt-adv-heading413_377706-45[data-kb-block=\"kb-adv-heading413_377706-45\"] img.kb-inline-image{width:150px;vertical-align:baseline;}<\/style>\n<h2 class=\"kt-adv-heading413_377706-45 wp-block-kadence-advancedheading\" data-kb-block=\"kb-adv-heading413_377706-45\"><strong>Rekl\u00e1mgrafika<\/strong><mark true=\"true\" class=\"kt-highlight\">.<\/mark><\/h2>\n\n\n\n<p>A rekl\u00e1mgrafik\u00e1n kereszt\u00fcl sz\u00f3l\u00edtja meg a m\u00e1rka a k\u00f6z\u00f6ns\u00e9get.<\/p>\n\n\n\n<p>Azok az anyagok tartoznak ide, amelyekkel a v\u00e1llalkoz\u00e1s k\u00f6zvetlen kapcsolatba l\u00e9p, kommunik\u00e1l a c\u00e9lk\u00f6z\u00f6ns\u00e9g\u00e9vel, legyen sz\u00f3 digit\u00e1lis vagy nyomtatott fel\u00fcletekr\u0151l.<\/p>\n\n\n\n<p>Munk\u00e1nk sor\u00e1n olyan grafikai anyagokat tervez\u00fcnk, amelyek illeszkednek a megl\u00e9v\u0151 arculathoz, ugyanakkor \u00f6n\u00e1ll\u00f3an is \u00e9rthet\u0151ek, \u00e1tl\u00e1that\u00f3ak \u00e9s eszt\u00e9tikusak. Fontos sz\u00e1munkra, hogy ezek az anyagok ne csak j\u00f3l n\u00e9zzenek ki, hanem funkcion\u00e1lisan is m\u0171k\u00f6djenek: inform\u00e1ljanak, ir\u00e1ny\u00edtsanak \u00e9s meggy\u0151zzenek.<\/p>\n\n\n\n<p>Rekl\u00e1mgrafikai szolg\u00e1ltat\u00e1saink t\u00f6bbek k\u00f6z\u00f6tt az al\u00e1bbi ter\u00fcleteket foglalj\u00e1k magukban:<\/p>\n\n\n\n<ul class=\"wp-block-list\">\n<li>\u00c9tlap<\/li>\n\n\n\n<li>Itallap \u00e9s borlap<\/li>\n\n\n\n<li>Plak\u00e1t<\/li>\n\n\n\n<li>Prom\u00f3ci\u00f3s anyagok<\/li>\n\n\n\n<li>Katal\u00f3gus<\/li>\n\n\n\n<li>\u00c1rlista<\/li>\n\n\n\n<li>Term\u00e9kcsomagol\u00e1s<\/li>\n\n\n\n<li>C\u00edmke<\/li>\n\n\n\n<li>Nyomtatott \u00e9s digit\u00e1lis sajt\u00f3anyagok grafikai tervei<\/li>\n\n\n\n<li>K\u00fclt\u00e9ri megjelen\u00e9sek (outdoor plak\u00e1tok)<\/li>\n<\/ul>\n\n\n\n<p>A c\u00e9l minden esetben az, hogy a vizu\u00e1lis megjelen\u00e9s t\u00e1mogassa az \u00fczenetet, \u00e9s k\u00f6vetkezetesen k\u00e9pviselje a m\u00e1rk\u00e1t minden olyan fel\u00fcleten, ahol megjelenik.<\/p>\n\n\n\n<figure class=\"wp-block-video mobile-only\"><video autoplay loop muted src=\"https:\/\/csagasa.ro\/wp-content\/uploads\/2026\/02\/Champagne-mobil_600x150.mp4\" playsinline><\/video><\/figure>\n\n\n\n<figure class=\"wp-block-video desktop-only\" style=\"padding-top:0;padding-bottom:0\"><video autoplay loop muted preload=\"none\" src=\"https:\/\/csagasa.ro\/wp-content\/uploads\/2026\/02\/Champagne-1920_300.mp4\" playsinline><\/video><\/figure>\n\n\n<style>.wp-block-kadence-advancedheading.kt-adv-heading413_4ee760-a3, .wp-block-kadence-advancedheading.kt-adv-heading413_4ee760-a3[data-kb-block=\"kb-adv-heading413_4ee760-a3\"]{font-style:normal;}.wp-block-kadence-advancedheading.kt-adv-heading413_4ee760-a3 mark.kt-highlight, .wp-block-kadence-advancedheading.kt-adv-heading413_4ee760-a3[data-kb-block=\"kb-adv-heading413_4ee760-a3\"] mark.kt-highlight{font-style:normal;color:#f76a0c;-webkit-box-decoration-break:clone;box-decoration-break:clone;padding-top:0px;padding-right:0px;padding-bottom:0px;padding-left:0px;}.wp-block-kadence-advancedheading.kt-adv-heading413_4ee760-a3 img.kb-inline-image, .wp-block-kadence-advancedheading.kt-adv-heading413_4ee760-a3[data-kb-block=\"kb-adv-heading413_4ee760-a3\"] img.kb-inline-image{width:150px;vertical-align:baseline;}<\/style>\n<h2 class=\"kt-adv-heading413_4ee760-a3 wp-block-kadence-advancedheading\" data-kb-block=\"kb-adv-heading413_4ee760-a3\"><strong>K\u00f6z\u00f6ss\u00e9gi m\u00e9dia menedzsment<\/strong><mark true=\"true\" class=\"kt-highlight\">.<\/mark><\/h2>\n\n\n\n<p>A k\u00f6z\u00f6ss\u00e9gi m\u00e9dia nem csup\u00e1n jelenl\u00e9tet jelent, hanem tudatos, k\u00f6vetkezetes kommunik\u00e1ci\u00f3t.<\/p>\n\n\n\n<p>C\u00e9lja, hogy a m\u00e1rka rendszeresen, \u00e9rthet\u0151en \u00e9s hitelesen sz\u00f3ljon a c\u00e9lk\u00f6z\u00f6ns\u00e9g\u00e9hez, mik\u00f6zben vizu\u00e1lisan is egys\u00e9ges marad.<\/p>\n\n\n\n<p>Teljes k\u00f6r\u0171 k\u00f6z\u00f6ss\u00e9gi m\u00e9dia menedzsment szolg\u00e1ltat\u00e1st ny\u00fajtunk, amely a strat\u00e9giai tervez\u00e9st\u0151l a tartalomk\u00e9sz\u00edt\u00e9sen \u00e1t eg\u00e9szen a k\u00f6z\u00f6ns\u00e9ggel val\u00f3 kapcsolattart\u00e1sig terjed.<\/p>\n\n\n\n<p>A szolg\u00e1ltat\u00e1s r\u00e9szek\u00e9nt:<\/p>\n\n\n\n<ul class=\"wp-block-list\">\n<li>kommunik\u00e1ci\u00f3s strat\u00e9gi\u00e1t dolgozunk ki, amely illeszkedik a m\u00e1rka c\u00e9ljaihoz \u00e9s arculat\u00e1hoz,<\/li>\n\n\n\n<li>rendszeres, el\u0151re tervezett kommunik\u00e1ci\u00f3s tervet k\u00e9sz\u00edt\u00fcnk,<\/li>\n\n\n\n<li>el\u0151k\u00e9sz\u00edtj\u00fck a tartalmakat, bele\u00e9rtve a sz\u00f6vegeket \u00e9s a hozz\u00e1juk tartoz\u00f3 grafikai megjelen\u00e9seket,<\/li>\n\n\n\n<li>figyelemmel k\u00eds\u00e9rj\u00fck a visszajelz\u00e9seket, \u00e9s t\u00e1mogatjuk a c\u00e9lk\u00f6z\u00f6ns\u00e9ggel val\u00f3 interakci\u00f3t.<\/li>\n<\/ul>\n\n\n\n<p>Fontos sz\u00e1munkra, hogy a k\u00f6z\u00f6ss\u00e9gi m\u00e9dia ne \u00f6nc\u00e9l\u00fa legyen, hanem val\u00f3di kapcsolatot teremtsen a m\u00e1rka \u00e9s a k\u00f6vet\u0151i k\u00f6z\u00f6tt. Ez\u00e9rt a kommunik\u00e1ci\u00f3t mindig az adott c\u00e9lk\u00f6z\u00f6ns\u00e9ghez igaz\u00edtjuk, figyelembe v\u00e9ve a platform saj\u00e1toss\u00e1gait \u00e9s a m\u00e1rka hangv\u00e9tel\u00e9t.<\/p>\n\n\n\n<figure class=\"wp-block-video mobile-only\"><video autoplay loop muted src=\"https:\/\/csagasa.ro\/wp-content\/uploads\/2026\/02\/Dio-mobil_600x150.mp4\" playsinline><\/video><\/figure>\n\n\n\n<figure class=\"wp-block-video desktop-only\" style=\"padding-top:0;padding-bottom:0\"><video autoplay loop muted preload=\"none\" src=\"https:\/\/csagasa.ro\/wp-content\/uploads\/2026\/02\/Dio-1920_300.mp4\" playsinline><\/video><\/figure>\n\n\n<style>.wp-block-kadence-advancedheading.kt-adv-heading413_214dcc-4e, .wp-block-kadence-advancedheading.kt-adv-heading413_214dcc-4e[data-kb-block=\"kb-adv-heading413_214dcc-4e\"]{font-style:normal;}.wp-block-kadence-advancedheading.kt-adv-heading413_214dcc-4e mark.kt-highlight, .wp-block-kadence-advancedheading.kt-adv-heading413_214dcc-4e[data-kb-block=\"kb-adv-heading413_214dcc-4e\"] mark.kt-highlight{font-style:normal;color:#f76a0c;-webkit-box-decoration-break:clone;box-decoration-break:clone;padding-top:0px;padding-right:0px;padding-bottom:0px;padding-left:0px;}.wp-block-kadence-advancedheading.kt-adv-heading413_214dcc-4e img.kb-inline-image, .wp-block-kadence-advancedheading.kt-adv-heading413_214dcc-4e[data-kb-block=\"kb-adv-heading413_214dcc-4e\"] img.kb-inline-image{width:150px;vertical-align:baseline;}<\/style>\n<h2 class=\"kt-adv-heading413_214dcc-4e wp-block-kadence-advancedheading\" data-kb-block=\"kb-adv-heading413_214dcc-4e\"><strong>Sz\u00f6veges tartalom gy\u00e1rt\u00e1sa<\/strong><mark true=\"true\" class=\"kt-highlight\">.<\/mark><\/h2>\n\n\n\n<p>A sz\u00f6veg a m\u00e1rka hangja. Az a fel\u00fclet, ahol az \u00fczenet hangot kap, ahol a tartalom val\u00f3ban megsz\u00f3l\u00edtja az olvas\u00f3t.<\/p>\n\n\n\n<p>Egyedi sz\u00f6vegeket k\u00e9sz\u00edt\u00fcnk k\u00fcl\u00f6nb\u00f6z\u0151 fel\u00fcletekre, mindig az adott m\u00e1rka hangv\u00e9tel\u00e9hez, c\u00e9ljaihoz \u00e9s k\u00f6z\u00f6ns\u00e9g\u00e9hez igaz\u00edtva. A tartalom nemcsak informat\u00edv, hanem \u00e9rthet\u0151, k\u00f6vetkezetes \u00e9s emberk\u00f6zeli is.<\/p>\n\n\n\n<p>Sz\u00f6veg\u00edr\u00e1si szolg\u00e1ltat\u00e1saink az al\u00e1bbi ter\u00fcletekre terjednek ki:<\/p>\n\n\n\n<ul class=\"wp-block-list\">\n<li>Katal\u00f3gusok \u00e9s nyomtatott kiadv\u00e1nyok<\/li>\n\n\n\n<li>Weboldalak teljes tartalma<\/li>\n\n\n\n<li>\u00c1ltal\u00e1nos bemutatkoz\u00f3 \u00e9s inform\u00e1ci\u00f3s sz\u00f6vegek<\/li>\n\n\n\n<li>Term\u00e9k- \u00e9s szolg\u00e1ltat\u00e1sle\u00edr\u00e1sok<\/li>\n\n\n\n<li>Blogbejegyz\u00e9sek \u00e9s szakmai cikkek<\/li>\n\n\n\n<li>H\u00edrlevelek \u00e9s egy\u00e9b kommunik\u00e1ci\u00f3s anyagok<\/li>\n<\/ul>\n\n\n\n<p>A sz\u00f6vegeket h\u00e1rom nyelven k\u00e9sz\u00edtj\u00fck: magyarul, rom\u00e1nul \u00e9s angolul. Fontos sz\u00e1munkra, hogy a tartalom ne egyszer\u0171 t\u00fck\u00f6rford\u00edt\u00e1s legyen, hanem minden nyelven term\u00e9szetesen, az adott k\u00f6z\u00f6ns\u00e9ghez igazodva jelenjen meg.<\/p>\n\n\n\n<figure class=\"wp-block-video mobile-only\"><video autoplay loop muted src=\"https:\/\/csagasa.ro\/wp-content\/uploads\/2026\/02\/Hydrokov-mobil_600x150.mp4\" playsinline><\/video><\/figure>\n\n\n\n<figure class=\"wp-block-video desktop-only\" style=\"padding-top:0;padding-bottom:0\"><video autoplay loop muted preload=\"none\" src=\"https:\/\/csagasa.ro\/wp-content\/uploads\/2026\/02\/Hydrokov-1920_300.mp4\" playsinline><\/video><\/figure>\n<\/div><\/div>\n\n<\/div><\/div>","protected":false},"excerpt":{"rendered":"<p>Log\u00f3tervez\u00e9s, arculattervez\u00e9s \u00e9s vizu\u00e1lis identit\u00e1s \u2014 k\u00e9zzel tervezve, neked. Log\u00f3tervez\u00e9s. Emp\u00e1ti\u00e1val \u00e1tgondolt, k\u00e9zzel k\u00e9sz\u00edtett log\u00f3kat tervez\u00fcnk. Log\u00f3tervez\u00e9si szolg\u00e1ltat\u00e1saink t\u00f6bbek k\u00f6z\u00f6tt az al\u00e1bbi ter\u00fcletekre terjednek ki: Emellett megl\u00e9v\u0151 log\u00f3k \u00e9s arculatok \u00fajragondol\u00e1s\u00e1t, friss\u00edt\u00e9s\u00e9t (rebranding) is v\u00e1llaljuk, amikor egy m\u00e1rka fejl\u0151d\u00e9se vagy ir\u00e1nyv\u00e1lt\u00e1sa ezt indokolja. Arculattervez\u00e9s. A vizu\u00e1lis arculat nem csup\u00e1n egy log\u00f3b\u00f3l \u00e1ll. Egy j\u00f3l fel\u00e9p\u00edtett&#8230;<\/p>\n","protected":false},"author":1,"featured_media":0,"parent":0,"menu_order":0,"comment_status":"closed","ping_status":"closed","template":"","meta":{"_kad_blocks_custom_css":"","_kad_blocks_head_custom_js":"","_kad_blocks_body_custom_js":"","_kad_blocks_footer_custom_js":"","_kadence_starter_templates_imported_post":false,"_kad_post_transparent":"","_kad_post_title":"","_kad_post_layout":"","_kad_post_sidebar_id":"","_kad_post_content_style":"","_kad_post_vertical_padding":"","_kad_post_feature":"","_kad_post_feature_position":"","_kad_post_header":false,"_kad_post_footer":false,"_kad_post_classname":"","footnotes":""},"class_list":["post-413","page","type-page","status-publish","hentry"],"taxonomy_info":[],"featured_image_src_large":false,"author_info":{"display_name":"taki","author_link":"https:\/\/csagasa.ro\/hu\/author\/taki\/"},"comment_info":0,"_links":{"self":[{"href":"https:\/\/csagasa.ro\/hu\/wp-json\/wp\/v2\/pages\/413","targetHints":{"allow":["GET"]}}],"collection":[{"href":"https:\/\/csagasa.ro\/hu\/wp-json\/wp\/v2\/pages"}],"about":[{"href":"https:\/\/csagasa.ro\/hu\/wp-json\/wp\/v2\/types\/page"}],"author":[{"embeddable":true,"href":"https:\/\/csagasa.ro\/hu\/wp-json\/wp\/v2\/users\/1"}],"replies":[{"embeddable":true,"href":"https:\/\/csagasa.ro\/hu\/wp-json\/wp\/v2\/comments?post=413"}],"version-history":[{"count":5,"href":"https:\/\/csagasa.ro\/hu\/wp-json\/wp\/v2\/pages\/413\/revisions"}],"predecessor-version":[{"id":911,"href":"https:\/\/csagasa.ro\/hu\/wp-json\/wp\/v2\/pages\/413\/revisions\/911"}],"wp:attachment":[{"href":"https:\/\/csagasa.ro\/hu\/wp-json\/wp\/v2\/media?parent=413"}],"curies":[{"name":"wp","href":"https:\/\/api.w.org\/{rel}","templated":true}]}}